{"id":664,"date":"2024-02-23T19:51:13","date_gmt":"2024-02-23T19:51:13","guid":{"rendered":"https:\/\/globalgt.shop\/index.php\/product\/reloj-inteligente-watch-9-ultra\/"},"modified":"2024-04-10T20:27:15","modified_gmt":"2024-04-10T20:27:15","slug":"reloj-inteligente-watch-9-ultra","status":"publish","type":"product","link":"https:\/\/globalgt.shop\/index.php\/product\/reloj-inteligente-watch-9-ultra\/","title":{"rendered":"Reloj Inteligente Watch 9 ultra"},"content":{"rendered":"<p><span style=\"vertical-align: inherit;\"><span style=\"vertical-align: inherit;\">\u00a1Descubre el futuro en tu mu\u00f1eca con el Watch 9 Ultra!\u00a0<\/span><\/span><\/p>\n<p><span style=\"vertical-align: inherit;\"><span style=\"vertical-align: inherit;\">Presentamos el Watch 9 Ultra, el reloj inteligente que combina estilo y funcionalidad de una manera revolucionaria.<\/span><\/span><\/p>\n<p><span style=\"vertical-align: inherit;\"><span style=\"vertical-align: inherit;\">Con su pantalla de 2,19 pulgadas, el Watch 9 Ultra te brinda una experiencia visual incomparable. Cada detalle cobra vida con una claridad asombrosa, llevando la tecnolog\u00eda a un nuevo nivel.<\/span><\/span><\/p>\n<p><span style=\"vertical-align: inherit;\"><span style=\"vertical-align: inherit;\">\u00bfCansado de los cables que te atan? \u00a1El Watch 9 Ultra presenta carga inal\u00e1mbrica para una experiencia de carga sin esfuerzo! Simplemente coloca tu reloj en la base de carga y deja que se produzca la magia.<\/span><\/span><\/p>\n<p><span style=\"vertical-align: inherit;\"><span style=\"vertical-align: inherit;\">Pero eso no es todo. Este reloj inteligente est\u00e1 dise\u00f1ado para adaptarse a tu estilo de vida activo. Desde el monitoreo de la salud hasta las notificaciones en tiempo real, el Watch 9 Ultra es tu0 compa\u00f1ero perfecto para cada paso del camino.<\/span><\/span><\/p>\n<p><span style=\"vertical-align: inherit;\"><span style=\"vertical-align: inherit;\">\u00a1Haz una declaraci\u00f3n de estilo y funcionalidad con el Watch 9 Ultra en tu mu\u00f1eca hoy mismo! Es hora de llevar la tecnolog\u00eda al siguiente nivel.<\/span><\/span><\/p>\n<p><span style=\"vertical-align: inherit;\"><span style=\"vertical-align: inherit;\">\u00a1Experimenta el poder del Watch 9 Ultra ahora! \ud83d\ude80<\/span><\/span><\/p>\n","protected":false},"excerpt":{"rendered":"<p>\u00a1Descubre el futuro en tu mu\u00f1eca con el Watch 9 Ultra!\u00a0 Presentamos el Watch 9 Ultra, el reloj inteligente que combina estilo y funcionalidad de una manera revolucionaria. Con su pantalla de 2,19 pulgadas, el Watch 9 Ultra te brinda una experiencia visual incomparable. Cada detalle cobra vida con una claridad asombrosa, llevando la tecnolog\u00eda &hellip;<\/p>\n<p class=\"read-more\"> <a class=\" thunk-readmore button \" href=\"https:\/\/globalgt.shop\/index.php\/product\/reloj-inteligente-watch-9-ultra\/\"> <span class=\"screen-reader-text\">Reloj Inteligente Watch 9 ultra<\/span>Read More<\/a><\/p>\n","protected":false},"featured_media":663,"comment_status":"open","ping_status":"closed","template":"","meta":[],"product_cat":[80],"product_tag":[],"_links":{"self":[{"href":"https:\/\/globalgt.shop\/index.php\/wp-json\/wp\/v2\/product\/664"}],"collection":[{"href":"https:\/\/globalgt.shop\/index.php\/wp-json\/wp\/v2\/product"}],"about":[{"href":"https:\/\/globalgt.shop\/index.php\/wp-json\/wp\/v2\/types\/product"}],"replies":[{"embeddable":true,"href":"https:\/\/globalgt.shop\/index.php\/wp-json\/wp\/v2\/comments?post=664"}],"wp:featuredmedia":[{"embeddable":true,"href":"https:\/\/globalgt.shop\/index.php\/wp-json\/wp\/v2\/media\/663"}],"wp:attachment":[{"href":"https:\/\/globalgt.shop\/index.php\/wp-json\/wp\/v2\/media?parent=664"}],"wp:term":[{"taxonomy":"product_cat","embeddable":true,"href":"https:\/\/globalgt.shop\/index.php\/wp-json\/wp\/v2\/product_cat?post=664"},{"taxonomy":"product_tag","embeddable":true,"href":"https:\/\/globalgt.shop\/index.php\/wp-json\/wp\/v2\/product_tag?post=664"}],"curies":[{"name":"wp","href":"https:\/\/api.w.org\/{rel}","templated":true}]}}